{"id":2,"date":"2025-01-11T18:21:48","date_gmt":"2025-01-11T17:21:48","guid":{"rendered":"http:\/\/aquamundo.fr\/?page_id=2"},"modified":"2025-07-17T13:54:13","modified_gmt":"2025-07-17T11:54:13","slug":"apneejunior","status":"publish","type":"page","link":"https:\/\/aquamundo.fr\/index.php\/apneejunior\/","title":{"rendered":"Apn\u00e9e Junior"},"content":{"rendered":"<div class=\"wp-block-image\">\n<figure class=\"alignleft size-full is-resized\"><img loading=\"lazy\" decoding=\"async\" width=\"720\" height=\"540\" src=\"http:\/\/aquamundo.fr\/wp-content\/uploads\/2025\/07\/IMG-20250717-WA0001.jpg\" alt=\"\" class=\"wp-image-537\" style=\"width:556px;height:auto\" srcset=\"https:\/\/aquamundo.fr\/wp-content\/uploads\/2025\/07\/IMG-20250717-WA0001.jpg 720w, https:\/\/aquamundo.fr\/wp-content\/uploads\/2025\/07\/IMG-20250717-WA0001-300x225.jpg 300w\" sizes=\"auto, (max-width: 720px) 100vw, 720px\" \/><\/figure>\n<\/div>\n\n\n<p>AquaMundo a \u00e9t\u00e9 \u00e9t\u00e9 le 1<sup>er<\/sup> club en IDF \u00e0 avoir une section Junior. Aujourd\u2019hui, nos juniors, en \u00e2ge de faire de la comp\u00e9tition et avec l\u2019envie d\u2019y participer, font des podiums dans plusieurs disciplines. <\/p>\n\n\n\n<p>La section Junior accueil les enfants \u00e0 partir de 8 ans sachant nager.<\/p>\n\n\n\n<p>La section Junior a particip\u00e9 aux comp\u00e9titions r\u00e9gionales d&rsquo;apn\u00e9e avec d&rsquo;excellents r\u00e9sultats dans toutes les disciplines (2024, 12 podiums), ce qui a ouvert la voie au d\u00e9veloppement de la comp\u00e9tition des Juniors au niveau r\u00e9gional et national en France.<\/p>\n\n\n\n<p>Les entrainements ont lieu le samedi de 12h30 \u00e0 14h au Centre Aquatique de Saint Cyr L\u2019Ecole.<\/p>\n\n\n\n<figure class=\"wp-block-gallery has-nested-images columns-default is-cropped wp-block-gallery-1 is-layout-flex wp-block-gallery-is-layout-flex\">\n<figure class=\"wp-block-image size-full\"><img loading=\"lazy\" decoding=\"async\" width=\"837\" height=\"574\" data-id=\"431\" src=\"https:\/\/aquamundo.fr\/wp-content\/uploads\/2025\/02\/Compet_Junior.png\" alt=\"\" class=\"wp-image-431\" srcset=\"https:\/\/aquamundo.fr\/wp-content\/uploads\/2025\/02\/Compet_Junior.png 837w, https:\/\/aquamundo.fr\/wp-content\/uploads\/2025\/02\/Compet_Junior-300x206.png 300w, https:\/\/aquamundo.fr\/wp-content\/uploads\/2025\/02\/Compet_Junior-768x527.png 768w\" sizes=\"auto, (max-width: 837px) 100vw, 837px\" \/><\/figure>\n\n\n\n<figure class=\"wp-block-image size-full\"><img loading=\"lazy\" decoding=\"async\" width=\"859\" height=\"540\" data-id=\"538\" src=\"https:\/\/aquamundo.fr\/wp-content\/uploads\/2025\/07\/IMG-20250717-WA0002.jpg\" alt=\"\" class=\"wp-image-538\" srcset=\"https:\/\/aquamundo.fr\/wp-content\/uploads\/2025\/07\/IMG-20250717-WA0002.jpg 859w, https:\/\/aquamundo.fr\/wp-content\/uploads\/2025\/07\/IMG-20250717-WA0002-300x189.jpg 300w, https:\/\/aquamundo.fr\/wp-content\/uploads\/2025\/07\/IMG-20250717-WA0002-768x483.jpg 768w\" sizes=\"auto, (max-width: 859px) 100vw, 859px\" \/><\/figure>\n<\/figure>\n\n\n\n<p><\/p>\n","protected":false},"excerpt":{"rendered":"<p>AquaMundo a \u00e9t\u00e9 \u00e9t\u00e9 le 1er club en IDF \u00e0 avoir une section Junior. Aujourd\u2019hui, nos juniors, en \u00e2ge de faire de la comp\u00e9tition et avec l\u2019envie d\u2019y participer, font des podiums dans plusieurs disciplines. La section Junior accueil les enfants \u00e0 partir de 8 ans sachant nager. La section Junior a particip\u00e9 aux comp\u00e9titions&hellip;&nbsp;<a href=\"https:\/\/aquamundo.fr\/index.php\/apneejunior\/\" rel=\"bookmark\">Lire la suite &raquo;<span class=\"screen-reader-text\">Apn\u00e9e Junior<\/span><\/a><\/p>\n","protected":false},"author":1,"featured_media":0,"parent":0,"menu_order":0,"comment_status":"closed","ping_status":"open","template":"","meta":{"neve_meta_sidebar":"","neve_meta_container":"","neve_meta_enable_content_width":"","neve_meta_content_width":0,"neve_meta_title_alignment":"","neve_meta_author_avatar":"","neve_post_elements_order":"","neve_meta_disable_header":"","neve_meta_disable_footer":"","neve_meta_disable_title":"","_themeisle_gutenberg_block_has_review":false,"footnotes":""},"class_list":["post-2","page","type-page","status-publish","hentry"],"_links":{"self":[{"href":"https:\/\/aquamundo.fr\/index.php\/wp-json\/wp\/v2\/pages\/2","targetHints":{"allow":["GET"]}}],"collection":[{"href":"https:\/\/aquamundo.fr\/index.php\/wp-json\/wp\/v2\/pages"}],"about":[{"href":"https:\/\/aquamundo.fr\/index.php\/wp-json\/wp\/v2\/types\/page"}],"author":[{"embeddable":true,"href":"https:\/\/aquamundo.fr\/index.php\/wp-json\/wp\/v2\/users\/1"}],"replies":[{"embeddable":true,"href":"https:\/\/aquamundo.fr\/index.php\/wp-json\/wp\/v2\/comments?post=2"}],"version-history":[{"count":3,"href":"https:\/\/aquamundo.fr\/index.php\/wp-json\/wp\/v2\/pages\/2\/revisions"}],"predecessor-version":[{"id":540,"href":"https:\/\/aquamundo.fr\/index.php\/wp-json\/wp\/v2\/pages\/2\/revisions\/540"}],"wp:attachment":[{"href":"https:\/\/aquamundo.fr\/index.php\/wp-json\/wp\/v2\/media?parent=2"}],"curies":[{"name":"wp","href":"https:\/\/api.w.org\/{rel}","templated":true}]}}