{"id":308,"date":"2020-01-13T11:17:52","date_gmt":"2020-01-13T11:17:52","guid":{"rendered":"https:\/\/demosites.io\/web-agency-gb\/?page_id=5"},"modified":"2025-09-27T11:14:35","modified_gmt":"2025-09-27T09:14:35","slug":"15c42-web-agency-gb-home","status":"publish","type":"page","link":"https:\/\/aquamundo.fr\/","title":{"rendered":"Aquamundo"},"content":{"rendered":"\n<div class=\"wp-block-cover alignfull is-light has-parallax has-custom-content-position is-position-top-center wp-duotone-unset-1\" style=\"min-height:100vh;aspect-ratio:unset;\"><div class=\"wp-block-cover__image-background wp-image-527 size-large has-parallax\" style=\"background-position:50% 50%;background-image:url(https:\/\/aquamundo.fr\/wp-content\/uploads\/2025\/07\/logo-aquamundo-V3-01-1024x724.png)\"><\/div><span aria-hidden=\"true\" class=\"wp-block-cover__background has-background-dim-0 has-background-dim\" style=\"background-color:#a1c1c7\"><\/span><div class=\"wp-block-cover__inner-container is-layout-flow wp-block-cover-is-layout-flow\">\n<div style=\"height:80px\" aria-hidden=\"true\" class=\"wp-block-spacer\"><\/div>\n\n\n\n<h1 class=\"wp-block-heading has-text-align-center has-text-color\" style=\"color:#121212\">Aquamundo<\/h1>\n\n\n\n<p class=\"has-text-align-center has-text-color\" style=\"color:#121212;font-size:17px\">Club d&rsquo;apn\u00e9e sportive et solidaire<br>Saint Cyr L&rsquo;Ecole<\/p>\n\n\n\n<div class=\"wp-block-buttons is-horizontal is-content-justification-center is-layout-flex wp-container-core-buttons-is-layout-499968f5 wp-block-buttons-is-layout-flex\">\n<div class=\"wp-block-button is-style-primary\"><a class=\"wp-block-button__link wp-element-button\" href=\"https:\/\/aquamundo.fr\/index.php\/news_aquamundo\/\">Les News<\/a><\/div>\n\n\n\n<div class=\"wp-block-button is-style-secondary\"><a class=\"wp-block-button__link wp-element-button\" href=\"https:\/\/aquamundo.fr\/index.php\/contact\/\">Nous rejoindre<\/a><\/div>\n<\/div>\n\n\n\n<div style=\"height:80px\" aria-hidden=\"true\" class=\"wp-block-spacer\"><\/div>\n\n\n\n<div style=\"height:80px\" aria-hidden=\"true\" class=\"wp-block-spacer\"><\/div>\n<\/div><\/div>\n\n\n\n<div style=\"height:80px\" aria-hidden=\"true\" class=\"wp-block-spacer\"><\/div>\n\n\n\n<div class=\"wp-block-group is-vertical is-content-justification-center is-nowrap is-layout-flex wp-container-core-group-is-layout-e862386f wp-block-group-is-layout-flex\"><div class=\"is-style-boxed wp-block-themeisle-blocks-posts-grid\" id=\"wp-block-themeisle-blocks-posts-grid-2f2741b3\"><div class=\"is-grid o-posts-grid-columns-3\"><div class=\"o-posts-grid-post-blog o-posts-grid-post-plain\"><div class=\"o-posts-grid-post\"><div class=\"o-posts-grid-post-image\"><a href=\"https:\/\/aquamundo.fr\/index.php\/2025\/07\/17\/marion-noulhiane-nommee-instructrice-regionale-apnee-ffessm-idf\/\"><img loading=\"lazy\" decoding=\"async\" width=\"600\" height=\"600\" src=\"https:\/\/aquamundo.fr\/wp-content\/uploads\/2025\/07\/Marion_IRA_002-r8u9capkxao0dfckvy0sia0et17lemtjlow752iwz4.jpg\" class=\"attachment-neve-blog size-neve-blog\" alt=\"Marion NOULHIANE nomm\u00e9e Instructrice R\u00e9gionale Apn\u00e9e FFESSM IDF\" srcset=\"https:\/\/aquamundo.fr\/wp-content\/uploads\/2025\/07\/Marion_IRA_002-r8u9capkxao0dfckvy0sia0et17lemtjlow752iwz4.jpg 600w, https:\/\/aquamundo.fr\/wp-content\/uploads\/2025\/07\/Marion_IRA_002-r8u9capkxao0dfckvy0sia0et17lemtjlow752iwz4-300x300.jpg 300w, https:\/\/aquamundo.fr\/wp-content\/uploads\/2025\/07\/Marion_IRA_002-r8u9capkxao0dfckvy0sia0et17lemtjlow752iwz4-150x150.jpg 150w\" sizes=\"auto, (max-width: 600px) 100vw, 600px\" \/><\/a><\/div><div class=\"o-posts-grid-post-body\"><span class=\"o-posts-grid-post-category\"><a href=\"https:\/\/aquamundo.fr\/index.php\/category\/non-classe\/\">Non class\u00e9<\/a><\/span><h4 class=\"o-posts-grid-post-title\"><a href=\"https:\/\/aquamundo.fr\/index.php\/2025\/07\/17\/marion-noulhiane-nommee-instructrice-regionale-apnee-ffessm-idf\/\">Marion NOULHIANE nomm\u00e9e Instructrice R\u00e9gionale Apn\u00e9e FFESSM IDF<\/a><\/h4><p class=\"o-posts-grid-post-meta\">Posted on <time datetime=\"2025-07-17T13:52:12+02:00\">17 juillet 2025<\/time> by <a href=\"https:\/\/aquamundo.fr\/index.php\/author\/romain\/\">Romain<\/a><\/p><div class=\"o-posts-grid-post-description\"><p>Marion NOULHIANE a \u00e9t\u00e9 nomm\u00e9e en tant qu\u2019Instructrice R\u00e9gionale Apn\u00e9e FFESSM Ile-de France, le 10 ju\u2026<\/p><\/div><\/div><\/div><\/div><div class=\"o-posts-grid-post-blog o-posts-grid-post-plain\"><div class=\"o-posts-grid-post\"><div class=\"o-posts-grid-post-image\"><a href=\"https:\/\/aquamundo.fr\/index.php\/2025\/02\/26\/sortie-annuelle-lac-de-beaumont\/\"><img loading=\"lazy\" decoding=\"async\" width=\"930\" height=\"620\" src=\"https:\/\/aquamundo.fr\/wp-content\/uploads\/2025\/02\/Beaumont-930x620.jpg\" class=\"attachment-neve-blog size-neve-blog\" alt=\"Sortie Annuelle Lac de Beaumont\" \/><\/a><\/div><div class=\"o-posts-grid-post-body\"><span class=\"o-posts-grid-post-category\"><a href=\"https:\/\/aquamundo.fr\/index.php\/category\/non-classe\/\">Non class\u00e9<\/a><\/span><h4 class=\"o-posts-grid-post-title\"><a href=\"https:\/\/aquamundo.fr\/index.php\/2025\/02\/26\/sortie-annuelle-lac-de-beaumont\/\">Sortie Annuelle Lac de Beaumont<\/a><\/h4><p class=\"o-posts-grid-post-meta\">Posted on <time datetime=\"2025-02-26T13:59:17+01:00\">26 f\u00e9vrier 2025<\/time> by <a href=\"https:\/\/aquamundo.fr\/index.php\/author\/romain\/\">Romain<\/a><\/p><div class=\"o-posts-grid-post-description\"><p>Nous avons eu le plaisir de nous retrouver le Samedi 5 juillet \u00e0 la base f\u00e9d\u00e9rale du lac de Beaumont\u2026<\/p><\/div><\/div><\/div><\/div><div class=\"o-posts-grid-post-blog o-posts-grid-post-plain\"><div class=\"o-posts-grid-post\"><div class=\"o-posts-grid-post-image\"><a href=\"https:\/\/aquamundo.fr\/index.php\/2025\/01\/11\/bonjour-tout-le-monde\/\"><img loading=\"lazy\" decoding=\"async\" width=\"930\" height=\"620\" src=\"https:\/\/aquamundo.fr\/wp-content\/uploads\/2025\/01\/fossa_Anthony-930x620.jpg\" class=\"attachment-neve-blog size-neve-blog\" alt=\"Prochaine Fosse\" \/><\/a><\/div><div class=\"o-posts-grid-post-body\"><span class=\"o-posts-grid-post-category\"><a href=\"https:\/\/aquamundo.fr\/index.php\/category\/non-classe\/\">Non class\u00e9<\/a><\/span><h4 class=\"o-posts-grid-post-title\"><a href=\"https:\/\/aquamundo.fr\/index.php\/2025\/01\/11\/bonjour-tout-le-monde\/\">Prochaine Fosse<\/a><\/h4><p class=\"o-posts-grid-post-meta\">Posted on <time datetime=\"2025-01-11T18:21:48+01:00\">11 janvier 2025<\/time> by <a href=\"https:\/\/aquamundo.fr\/index.php\/author\/romain\/\">Romain<\/a><\/p><div class=\"o-posts-grid-post-description\"><p>Bonne nouvelle la fosse d&rsquo;Antony r\u00e9ouvre bient\u00f4t ses portes, nous sommes dans les starting blo\u2026<\/p><\/div><\/div><\/div><\/div><\/div> <\/div><\/div>\n\n\n\n<div style=\"height:80px\" aria-hidden=\"true\" class=\"wp-block-spacer\"><\/div>\n\n\n\n<div class=\"wp-block-cover alignfull\" style=\"min-height:600px;aspect-ratio:unset;\"><span aria-hidden=\"true\" class=\"wp-block-cover__background has-nv-light-bg-background-color has-background-dim-100 has-background-dim\"><\/span><div class=\"wp-block-cover__inner-container is-layout-flow wp-block-cover-is-layout-flow\">\n<div class=\"wp-block-group\"><div class=\"wp-block-group__inner-container is-layout-flow wp-block-group-is-layout-flow\">\n<div style=\"height:80px\" aria-hidden=\"true\" class=\"wp-block-spacer\"><\/div>\n\n\n\n<div class=\"wp-block-columns are-vertically-aligned-center is-layout-flex wp-container-core-columns-is-layout-9d6595d7 wp-block-columns-is-layout-flex\">\n<div class=\"wp-block-column is-vertically-aligned-center is-layout-flow wp-block-column-is-layout-flow\" style=\"flex-basis:50%\">\n<figure class=\"wp-block-image size-full\"><img loading=\"lazy\" decoding=\"async\" width=\"526\" height=\"296\" src=\"https:\/\/aquamundo.fr\/wp-content\/uploads\/2025\/01\/471811807_10162499053762698_2834154350301862101_n-edited.jpg\" alt=\"\" class=\"wp-image-410\" srcset=\"https:\/\/aquamundo.fr\/wp-content\/uploads\/2025\/01\/471811807_10162499053762698_2834154350301862101_n-edited.jpg 526w, https:\/\/aquamundo.fr\/wp-content\/uploads\/2025\/01\/471811807_10162499053762698_2834154350301862101_n-edited-300x169.jpg 300w\" sizes=\"auto, (max-width: 526px) 100vw, 526px\" \/><\/figure>\n<\/div>\n\n\n\n<div class=\"wp-block-column is-vertically-aligned-center is-layout-flow wp-block-column-is-layout-flow\" style=\"flex-basis:50%\">\n<div style=\"height:20px\" aria-hidden=\"true\" class=\"wp-block-spacer\"><\/div>\n\n\n\n<h2 class=\"wp-block-heading has-text-align-left has-neve-text-color-color has-text-color\">Apn\u00e9e Sportive<\/h2>\n\n\n\n<p class=\"has-text-align-left has-neve-text-color-color has-text-color\" style=\"font-size:17px\">Nous pratiquons l&rsquo;apn\u00e9e Statique et Dynamique gr\u00e2ce aux conseils de 8 encadrants b\u00e9n\u00e9voles dipl\u00f4m\u00e9s. <\/p>\n\n\n\n<div class=\"wp-block-buttons is-horizontal is-content-justification-left is-layout-flex wp-container-core-buttons-is-layout-7e5fce0a wp-block-buttons-is-layout-flex\">\n<div class=\"wp-block-button is-style-primary\"><a class=\"wp-block-button__link wp-element-button\" href=\"https:\/\/aquamundo.fr\/index.php\/apnee-sportive\/\">Apn\u00e9e Sportive<\/a><\/div>\n<\/div>\n<\/div>\n<\/div>\n\n\n\n<div style=\"height:40px\" aria-hidden=\"true\" class=\"wp-block-spacer\"><\/div>\n<\/div><\/div>\n<\/div><\/div>\n\n\n\n<div class=\"wp-block-cover alignfull\" style=\"min-height:600px;aspect-ratio:unset;\"><span aria-hidden=\"true\" class=\"wp-block-cover__background has-nv-site-bg-background-color has-background-dim-100 has-background-dim\"><\/span><div class=\"wp-block-cover__inner-container is-layout-flow wp-block-cover-is-layout-flow\">\n<div class=\"wp-block-group\"><div class=\"wp-block-group__inner-container is-layout-flow wp-block-group-is-layout-flow\">\n<div style=\"height:80px\" aria-hidden=\"true\" class=\"wp-block-spacer\"><\/div>\n\n\n\n<div class=\"wp-block-columns are-vertically-aligned-center is-layout-flex wp-container-core-columns-is-layout-9d6595d7 wp-block-columns-is-layout-flex\">\n<div class=\"wp-block-column is-vertically-aligned-center is-layout-flow wp-block-column-is-layout-flow\" style=\"flex-basis:50%\">\n<h2 class=\"wp-block-heading has-text-align-left has-neve-text-color-color has-text-color\">Apn\u00e9e Junior<\/h2>\n\n\n\n<p class=\"has-text-align-left has-neve-text-color-color has-text-color\" style=\"font-size:17px\">Nous avons \u00e9t\u00e9 le 1<sup>er<\/sup> club en IDF \u00e0 avoir une section Junior. Aujourd\u2019hui, nos juniors, en \u00e2ge de faire de la comp\u00e9tition et avec l\u2019envie d\u2019y participer, font des podiums dans plusieurs disciplines.<\/p>\n\n\n\n<div class=\"wp-block-buttons is-horizontal is-content-justification-left is-layout-flex wp-container-core-buttons-is-layout-7e5fce0a wp-block-buttons-is-layout-flex\">\n<div class=\"wp-block-button is-style-primary\"><a class=\"wp-block-button__link wp-element-button\" href=\"https:\/\/aquamundo.fr\/index.php\/apneejunior\/\">Apn\u00e9e Junior<\/a><\/div>\n<\/div>\n\n\n\n<div style=\"height:40px\" aria-hidden=\"true\" class=\"wp-block-spacer\"><\/div>\n<\/div>\n\n\n\n<div class=\"wp-block-column is-vertically-aligned-center is-layout-flow wp-block-column-is-layout-flow\" style=\"flex-basis:50%\">\n<figure class=\"wp-block-image size-large\"><img loading=\"lazy\" decoding=\"async\" width=\"1024\" height=\"768\" src=\"https:\/\/aquamundo.fr\/wp-content\/uploads\/2025\/09\/1000056785-1024x768.jpg\" alt=\"\" class=\"wp-image-546\" srcset=\"https:\/\/aquamundo.fr\/wp-content\/uploads\/2025\/09\/1000056785-1024x768.jpg 1024w, https:\/\/aquamundo.fr\/wp-content\/uploads\/2025\/09\/1000056785-300x225.jpg 300w, https:\/\/aquamundo.fr\/wp-content\/uploads\/2025\/09\/1000056785-768x576.jpg 768w, https:\/\/aquamundo.fr\/wp-content\/uploads\/2025\/09\/1000056785-1536x1152.jpg 1536w, https:\/\/aquamundo.fr\/wp-content\/uploads\/2025\/09\/1000056785.jpg 1600w\" sizes=\"auto, (max-width: 1024px) 100vw, 1024px\" \/><\/figure>\n<\/div>\n<\/div>\n\n\n\n<div style=\"height:40px\" aria-hidden=\"true\" class=\"wp-block-spacer\"><\/div>\n<\/div><\/div>\n<\/div><\/div>\n\n\n\n<div class=\"wp-block-cover alignfull\" style=\"min-height:600px;aspect-ratio:unset;\"><span aria-hidden=\"true\" class=\"wp-block-cover__background has-nv-dark-bg-background-color has-background-dim-100 has-background-dim\"><\/span><div class=\"wp-block-cover__inner-container is-layout-flow wp-block-cover-is-layout-flow\">\n<div class=\"wp-block-group\"><div class=\"wp-block-group__inner-container is-layout-flow wp-block-group-is-layout-flow\">\n<div style=\"height:80px\" aria-hidden=\"true\" class=\"wp-block-spacer\"><\/div>\n\n\n\n<div class=\"wp-block-columns are-vertically-aligned-center is-layout-flex wp-container-core-columns-is-layout-9d6595d7 wp-block-columns-is-layout-flex\">\n<div class=\"wp-block-column is-vertically-aligned-center is-layout-flow wp-block-column-is-layout-flow\" style=\"flex-basis:50%\">\n<figure class=\"wp-block-image size-large\"><img loading=\"lazy\" decoding=\"async\" width=\"1024\" height=\"682\" src=\"http:\/\/aquamundo.fr\/wp-content\/uploads\/2025\/01\/427986817_817765583699709_6736891255015095280_n-1024x682.jpg\" alt=\"\" class=\"wp-image-393\" srcset=\"https:\/\/aquamundo.fr\/wp-content\/uploads\/2025\/01\/427986817_817765583699709_6736891255015095280_n-1024x682.jpg 1024w, https:\/\/aquamundo.fr\/wp-content\/uploads\/2025\/01\/427986817_817765583699709_6736891255015095280_n-300x200.jpg 300w, https:\/\/aquamundo.fr\/wp-content\/uploads\/2025\/01\/427986817_817765583699709_6736891255015095280_n-768x512.jpg 768w, https:\/\/aquamundo.fr\/wp-content\/uploads\/2025\/01\/427986817_817765583699709_6736891255015095280_n-1536x1023.jpg 1536w, https:\/\/aquamundo.fr\/wp-content\/uploads\/2025\/01\/427986817_817765583699709_6736891255015095280_n-930x620.jpg 930w, https:\/\/aquamundo.fr\/wp-content\/uploads\/2025\/01\/427986817_817765583699709_6736891255015095280_n.jpg 1600w\" sizes=\"auto, (max-width: 1024px) 100vw, 1024px\" \/><\/figure>\n<\/div>\n\n\n\n<div class=\"wp-block-column is-vertically-aligned-center is-layout-flow wp-block-column-is-layout-flow\" style=\"flex-basis:50%\">\n<div style=\"height:40px\" aria-hidden=\"true\" class=\"wp-block-spacer\"><\/div>\n\n\n\n<h2 class=\"wp-block-heading has-text-align-left has-nv-text-dark-bg-color has-text-color\">Apn\u00e9e Solidaire<\/h2>\n\n\n\n<p class=\"has-text-align-left has-nv-text-dark-bg-color has-text-color\" style=\"font-size:17px\">Nous soutenons des initiatives solidaires notamment en faveur de la recherche sur les maladies rares. <\/p>\n\n\n\n<div class=\"wp-block-buttons is-horizontal is-content-justification-left is-layout-flex wp-container-core-buttons-is-layout-7e5fce0a wp-block-buttons-is-layout-flex\">\n<div class=\"wp-block-button is-style-primary\"><a class=\"wp-block-button__link wp-element-button\" href=\"https:\/\/aquamundo.fr\/index.php\/apnee-solidaire\/\">Apn\u00e9e Solidaire<\/a><\/div>\n<\/div>\n<\/div>\n<\/div>\n\n\n\n<div style=\"height:50px\" aria-hidden=\"true\" class=\"wp-block-spacer\"><\/div>\n<\/div><\/div>\n<\/div><\/div>\n\n\n\n<div class=\"wp-block-cover alignfull\" style=\"min-height:600px;aspect-ratio:unset;\"><span aria-hidden=\"true\" class=\"wp-block-cover__background has-nv-site-bg-background-color has-background-dim-100 has-background-dim\"><\/span><div class=\"wp-block-cover__inner-container is-layout-flow wp-block-cover-is-layout-flow\">\n<div class=\"wp-block-group\"><div class=\"wp-block-group__inner-container is-layout-flow wp-block-group-is-layout-flow\">\n<div style=\"height:80px\" aria-hidden=\"true\" class=\"wp-block-spacer\"><\/div>\n\n\n\n<div class=\"wp-block-columns are-vertically-aligned-center is-layout-flex wp-container-core-columns-is-layout-9d6595d7 wp-block-columns-is-layout-flex\">\n<div class=\"wp-block-column is-vertically-aligned-center is-layout-flow wp-block-column-is-layout-flow\" style=\"flex-basis:50%\">\n<h2 class=\"wp-block-heading has-text-align-left has-neve-text-color-color has-text-color\">L&rsquo;\u00e9quipe<\/h2>\n\n\n\n<p class=\"has-text-align-left has-neve-text-color-color has-text-color\" style=\"font-size:17px\">D\u00e9couvre l&rsquo;\u00e9quipe du Club<\/p>\n\n\n\n<div class=\"wp-block-buttons is-horizontal is-content-justification-left is-layout-flex wp-container-core-buttons-is-layout-7e5fce0a wp-block-buttons-is-layout-flex\">\n<div class=\"wp-block-button is-style-primary\"><a class=\"wp-block-button__link wp-element-button\" href=\"https:\/\/aquamundo.fr\/index.php\/equipe_aquamundo\/\">Equipe<\/a><\/div>\n\n\n\n<div class=\"wp-block-button is-style-primary\"><a class=\"wp-block-button__link wp-element-button\" href=\"https:\/\/aquamundo.fr\/index.php\/inscriptions\/\" target=\"_blank\" rel=\"noreferrer noopener\">Inscriptions<\/a><\/div>\n<\/div>\n\n\n\n<div style=\"height:40px\" aria-hidden=\"true\" class=\"wp-block-spacer\"><\/div>\n<\/div>\n\n\n\n<div class=\"wp-block-column is-vertically-aligned-center is-layout-flow wp-block-column-is-layout-flow\" style=\"flex-basis:50%\">\n<figure class=\"wp-block-image size-large\"><img loading=\"lazy\" decoding=\"async\" width=\"1024\" height=\"460\" src=\"http:\/\/aquamundo.fr\/wp-content\/uploads\/2025\/02\/shared-image-20-1024x460.jpg\" alt=\"\" class=\"wp-image-533\" srcset=\"https:\/\/aquamundo.fr\/wp-content\/uploads\/2025\/02\/shared-image-20-1024x460.jpg 1024w, https:\/\/aquamundo.fr\/wp-content\/uploads\/2025\/02\/shared-image-20-300x135.jpg 300w, https:\/\/aquamundo.fr\/wp-content\/uploads\/2025\/02\/shared-image-20-768x345.jpg 768w, https:\/\/aquamundo.fr\/wp-content\/uploads\/2025\/02\/shared-image-20-1536x689.jpg 1536w, https:\/\/aquamundo.fr\/wp-content\/uploads\/2025\/02\/shared-image-20.jpg 1600w\" sizes=\"auto, (max-width: 1024px) 100vw, 1024px\" \/><\/figure>\n<\/div>\n<\/div>\n\n\n\n<div style=\"height:40px\" aria-hidden=\"true\" class=\"wp-block-spacer\"><\/div>\n<\/div><\/div>\n<\/div><\/div>\n\n\n\n<div class=\"wp-block-columns is-layout-flex wp-container-core-columns-is-layout-9d6595d7 wp-block-columns-is-layout-flex\">\n<div class=\"wp-block-column is-layout-flow wp-block-column-is-layout-flow\"><div class=\"wp-block-image icon-style is-style-rounded wp-duotone-midnight\">\n<figure class=\"aligncenter size-full\"><img loading=\"lazy\" decoding=\"async\" width=\"49\" height=\"65\" src=\"http:\/\/aquamundo.fr\/wp-content\/uploads\/2021\/06\/location-sm.png\" alt=\"\" class=\"wp-image-305\" title=\"\"\/><\/figure>\n<\/div>\n\n\n<div style=\"height:20px\" aria-hidden=\"true\" class=\"wp-block-spacer\"><\/div>\n\n\n\n<h3 class=\"wp-block-heading has-text-align-center has-neve-text-color-color has-text-color\">Piscine de Saint Cyr L&rsquo;Ecole<\/h3>\n\n\n\n<p class=\"has-text-align-center\">Boulevard Henri Barbusse<br>78210 Saint Cyr L\u2019\u00e9cole<\/p>\n\n\n\n<div style=\"height:20px\" aria-hidden=\"true\" class=\"wp-block-spacer\"><\/div>\n<\/div>\n\n\n\n<div class=\"wp-block-column is-layout-flow wp-block-column-is-layout-flow\">\n<figure class=\"wp-block-image size-large\"><img loading=\"lazy\" decoding=\"async\" width=\"1024\" height=\"724\" src=\"https:\/\/aquamundo.fr\/wp-content\/uploads\/2025\/07\/logo-aquamundo-V3-01-1024x724.png\" alt=\"\" class=\"wp-image-527\" srcset=\"https:\/\/aquamundo.fr\/wp-content\/uploads\/2025\/07\/logo-aquamundo-V3-01-1024x724.png 1024w, https:\/\/aquamundo.fr\/wp-content\/uploads\/2025\/07\/logo-aquamundo-V3-01-300x212.png 300w, https:\/\/aquamundo.fr\/wp-content\/uploads\/2025\/07\/logo-aquamundo-V3-01-768x543.png 768w, https:\/\/aquamundo.fr\/wp-content\/uploads\/2025\/07\/logo-aquamundo-V3-01-1536x1086.png 1536w, https:\/\/aquamundo.fr\/wp-content\/uploads\/2025\/07\/logo-aquamundo-V3-01-2048x1448.png 2048w\" sizes=\"auto, (max-width: 1024px) 100vw, 1024px\" \/><\/figure>\n\n\n\n<p class=\"has-text-align-center\"><\/p>\n<\/div>\n\n\n\n<div class=\"wp-block-column is-layout-flow wp-block-column-is-layout-flow\"><div class=\"wp-block-image icon-style is-style-rounded wp-duotone-midnight\">\n<figure class=\"aligncenter size-full\"><img loading=\"lazy\" decoding=\"async\" width=\"65\" height=\"65\" src=\"http:\/\/aquamundo.fr\/wp-content\/uploads\/2021\/06\/email-sm.png\" alt=\"\" class=\"wp-image-306\"\/><\/figure>\n<\/div>\n\n\n<div class=\"wp-block-group is-nowrap is-layout-flex wp-container-core-group-is-layout-ad2f72ca wp-block-group-is-layout-flex\">\n<div style=\"height:20px;width:0px\" aria-hidden=\"true\" class=\"wp-block-spacer wp-container-content-62aae154\"><\/div>\n<\/div>\n\n\n\n<h3 class=\"wp-block-heading has-text-align-center has-neve-text-color-color has-text-color\">Nous contacter<\/h3>\n\n\n\n<p class=\"has-text-align-center\">Vous pouvez contacter Christ\u00e8le<br><a href=\"mailto:aquamundoapnee@gmail.com\" target=\"_blank\" rel=\"noreferrer noopener\">aquamundoapnee@gmail.com<\/a><\/p>\n\n\n\n<div style=\"height:20px\" aria-hidden=\"true\" class=\"wp-block-spacer\"><\/div>\n<\/div>\n<\/div>\n\n\n\n<p><\/p>\n","protected":false},"excerpt":{"rendered":"<p>Piscine de Saint Cyr L&rsquo;Ecole Boulevard Henri Barbusse78210 Saint Cyr L\u2019\u00e9cole Nous contacter Vous pouvez contacter Christ\u00e8leaquamundoapnee@gmail.com<\/p>\n","protected":false},"author":1,"featured_media":0,"parent":0,"menu_order":0,"comment_status":"closed","ping_status":"closed","template":"","meta":{"neve_meta_sidebar":"default","neve_meta_container":"default","neve_meta_enable_content_width":"on","neve_meta_content_width":100,"neve_meta_title_alignment":"","neve_meta_author_avatar":"","neve_post_elements_order":"","neve_meta_disable_header":"","neve_meta_disable_footer":"","neve_meta_disable_title":"on","_themeisle_gutenberg_block_has_review":false,"footnotes":""},"class_list":["post-308","page","type-page","status-publish","hentry"],"_links":{"self":[{"href":"https:\/\/aquamundo.fr\/index.php\/wp-json\/wp\/v2\/pages\/308","targetHints":{"allow":["GET"]}}],"collection":[{"href":"https:\/\/aquamundo.fr\/index.php\/wp-json\/wp\/v2\/pages"}],"about":[{"href":"https:\/\/aquamundo.fr\/index.php\/wp-json\/wp\/v2\/types\/page"}],"author":[{"embeddable":true,"href":"https:\/\/aquamundo.fr\/index.php\/wp-json\/wp\/v2\/users\/1"}],"replies":[{"embeddable":true,"href":"https:\/\/aquamundo.fr\/index.php\/wp-json\/wp\/v2\/comments?post=308"}],"version-history":[{"count":30,"href":"https:\/\/aquamundo.fr\/index.php\/wp-json\/wp\/v2\/pages\/308\/revisions"}],"predecessor-version":[{"id":566,"href":"https:\/\/aquamundo.fr\/index.php\/wp-json\/wp\/v2\/pages\/308\/revisions\/566"}],"wp:attachment":[{"href":"https:\/\/aquamundo.fr\/index.php\/wp-json\/wp\/v2\/media?parent=308"}],"curies":[{"name":"wp","href":"https:\/\/api.w.org\/{rel}","templated":true}]}}