{"id":435,"date":"2025-02-26T10:38:09","date_gmt":"2025-02-26T09:38:09","guid":{"rendered":"https:\/\/aquamundo.fr\/?page_id=435"},"modified":"2025-02-28T10:54:17","modified_gmt":"2025-02-28T09:54:17","slug":"apnee-sportive","status":"publish","type":"page","link":"https:\/\/aquamundo.fr\/index.php\/apnee-sportive\/","title":{"rendered":"Apn\u00e9e Sportive"},"content":{"rendered":"\n<p><\/p>\n\n\n<div class=\"wp-block-image\">\n<figure class=\"alignleft size-large is-resized\"><img loading=\"lazy\" decoding=\"async\" width=\"1024\" height=\"870\" src=\"https:\/\/aquamundo.fr\/wp-content\/uploads\/2025\/02\/shared-image-1-1024x870.jpg\" alt=\"\" class=\"wp-image-436\" style=\"aspect-ratio:1.5;object-fit:cover;width:605px;height:auto\" srcset=\"https:\/\/aquamundo.fr\/wp-content\/uploads\/2025\/02\/shared-image-1-1024x870.jpg 1024w, https:\/\/aquamundo.fr\/wp-content\/uploads\/2025\/02\/shared-image-1-300x255.jpg 300w, https:\/\/aquamundo.fr\/wp-content\/uploads\/2025\/02\/shared-image-1-768x653.jpg 768w, https:\/\/aquamundo.fr\/wp-content\/uploads\/2025\/02\/shared-image-1.jpg 1079w\" sizes=\"auto, (max-width: 1024px) 100vw, 1024px\" \/><\/figure>\n<\/div>\n\n\n<p>Aquamundo a \u00e9t\u00e9 cr\u00e9\u00e9 en 2009 du r\u00eave d\u2019Andy Cabrera Avila de partager sa passion pour l\u2019apn\u00e9e. Depuis 2019, Marion et Christ\u00e8le ont repris la pr\u00e9sidence du club.<\/p>\n\n\n\n<p>Nous pratiquons l&rsquo;apn\u00e9e Statique et Dynamique gr\u00e2ce aux conseils de 8 encadrants b\u00e9n\u00e9voles dipl\u00f4m\u00e9s. Les entrainements ont lieu le le mercredi de 19h30 \u00e0 21h et\/ou le samedi de 12h30 \u00e014h au Centre Aquatique de Saint Cyr L\u2019Ecole.<\/p>\n\n\n\n<p>Nous partageons les valeurs du bien vivre ensemble sous et en dehors de l\u2019eau, avec un accompagnement cibl\u00e9 en fonction des besoins de chacun(e). Notre association est sensible \u00e0 l&rsquo;\u00e9galit\u00e9 des chances, quelque soit l\u2019\u00e2ge et les possibilit\u00e9s de chacun(e).<\/p>\n\n\n\n<p><\/p>\n","protected":false},"excerpt":{"rendered":"<p>Aquamundo a \u00e9t\u00e9 cr\u00e9\u00e9 en 2009 du r\u00eave d\u2019Andy Cabrera Avila de partager sa passion pour l\u2019apn\u00e9e. Depuis 2019, Marion et Christ\u00e8le ont repris la pr\u00e9sidence du club. Nous pratiquons l&rsquo;apn\u00e9e Statique et Dynamique gr\u00e2ce aux conseils de 8 encadrants b\u00e9n\u00e9voles dipl\u00f4m\u00e9s. Les entrainements ont lieu le le mercredi de 19h30 \u00e0 21h et\/ou le&hellip;&nbsp;<a href=\"https:\/\/aquamundo.fr\/index.php\/apnee-sportive\/\" rel=\"bookmark\">Lire la suite &raquo;<span class=\"screen-reader-text\">Apn\u00e9e Sportive<\/span><\/a><\/p>\n","protected":false},"author":1,"featured_media":0,"parent":0,"menu_order":0,"comment_status":"closed","ping_status":"closed","template":"","meta":{"neve_meta_sidebar":"","neve_meta_container":"","neve_meta_enable_content_width":"","neve_meta_content_width":0,"neve_meta_title_alignment":"","neve_meta_author_avatar":"","neve_post_elements_order":"","neve_meta_disable_header":"","neve_meta_disable_footer":"","neve_meta_disable_title":"","_themeisle_gutenberg_block_has_review":false,"footnotes":""},"class_list":["post-435","page","type-page","status-publish","hentry"],"_links":{"self":[{"href":"https:\/\/aquamundo.fr\/index.php\/wp-json\/wp\/v2\/pages\/435","targetHints":{"allow":["GET"]}}],"collection":[{"href":"https:\/\/aquamundo.fr\/index.php\/wp-json\/wp\/v2\/pages"}],"about":[{"href":"https:\/\/aquamundo.fr\/index.php\/wp-json\/wp\/v2\/types\/page"}],"author":[{"embeddable":true,"href":"https:\/\/aquamundo.fr\/index.php\/wp-json\/wp\/v2\/users\/1"}],"replies":[{"embeddable":true,"href":"https:\/\/aquamundo.fr\/index.php\/wp-json\/wp\/v2\/comments?post=435"}],"version-history":[{"count":3,"href":"https:\/\/aquamundo.fr\/index.php\/wp-json\/wp\/v2\/pages\/435\/revisions"}],"predecessor-version":[{"id":518,"href":"https:\/\/aquamundo.fr\/index.php\/wp-json\/wp\/v2\/pages\/435\/revisions\/518"}],"wp:attachment":[{"href":"https:\/\/aquamundo.fr\/index.php\/wp-json\/wp\/v2\/media?parent=435"}],"curies":[{"name":"wp","href":"https:\/\/api.w.org\/{rel}","templated":true}]}}