{"id":441,"date":"2025-02-26T10:53:34","date_gmt":"2025-02-26T09:53:34","guid":{"rendered":"https:\/\/aquamundo.fr\/?page_id=441"},"modified":"2025-02-26T11:08:54","modified_gmt":"2025-02-26T10:08:54","slug":"apnee-solidaire","status":"publish","type":"page","link":"https:\/\/aquamundo.fr\/index.php\/apnee-solidaire\/","title":{"rendered":"Apn\u00e9e Solidaire"},"content":{"rendered":"\n<p>Marion est ambassadrice d&rsquo;Apn\u00e9e Solid&rsquo;Air, Association engag\u00e9e dans la sensibilisation du grand public pour les maladies rares. Le club participe \u00e0 plusieurs \u00e9v\u00e8nements pour sensibiliser \u00e0 cette cause&#8230; toutes les infos par ici<a href=\"https:\/\/apneesolidair.org\/\" target=\"_blank\" rel=\"noreferrer noopener\"> https:\/\/apneesolidair.org\/<\/a><\/p>\n\n\n\n<figure class=\"wp-block-embed aligncenter is-type-wp-embed is-provider-apn-eacute-e-solidair wp-block-embed-apn-eacute-e-solidair\"><div class=\"wp-block-embed__wrapper\">\n<blockquote class=\"wp-embedded-content\" data-secret=\"dfuQI3jZAn\"><a href=\"https:\/\/apneesolidair.org\/\">Accueil<\/a><\/blockquote><iframe loading=\"lazy\" class=\"wp-embedded-content\" sandbox=\"allow-scripts\" security=\"restricted\" style=\"position: absolute; visibility: hidden;\" title=\"\u00ab\u00a0Accueil\u00a0\u00bb &#8212; Apn&eacute;e Solid&#039;Air\" src=\"https:\/\/apneesolidair.org\/embed#?secret=gdXhG7hTtI#?secret=dfuQI3jZAn\" data-secret=\"dfuQI3jZAn\" width=\"600\" height=\"338\" frameborder=\"0\" marginwidth=\"0\" marginheight=\"0\" scrolling=\"no\"><\/iframe>\n<\/div><\/figure>\n\n\n\n<p><\/p>\n","protected":false},"excerpt":{"rendered":"<p>Marion est ambassadrice d&rsquo;Apn\u00e9e Solid&rsquo;Air, Association engag\u00e9e dans la sensibilisation du grand public pour les maladies rares. Le club participe \u00e0 plusieurs \u00e9v\u00e8nements pour sensibiliser \u00e0 cette cause&#8230; toutes les infos par ici https:\/\/apneesolidair.org\/<\/p>\n","protected":false},"author":1,"featured_media":0,"parent":0,"menu_order":0,"comment_status":"closed","ping_status":"closed","template":"","meta":{"neve_meta_sidebar":"","neve_meta_container":"","neve_meta_enable_content_width":"","neve_meta_content_width":0,"neve_meta_title_alignment":"","neve_meta_author_avatar":"","neve_post_elements_order":"","neve_meta_disable_header":"","neve_meta_disable_footer":"","neve_meta_disable_title":"","_themeisle_gutenberg_block_has_review":false,"footnotes":""},"class_list":["post-441","page","type-page","status-publish","hentry"],"_links":{"self":[{"href":"https:\/\/aquamundo.fr\/index.php\/wp-json\/wp\/v2\/pages\/441","targetHints":{"allow":["GET"]}}],"collection":[{"href":"https:\/\/aquamundo.fr\/index.php\/wp-json\/wp\/v2\/pages"}],"about":[{"href":"https:\/\/aquamundo.fr\/index.php\/wp-json\/wp\/v2\/types\/page"}],"author":[{"embeddable":true,"href":"https:\/\/aquamundo.fr\/index.php\/wp-json\/wp\/v2\/users\/1"}],"replies":[{"embeddable":true,"href":"https:\/\/aquamundo.fr\/index.php\/wp-json\/wp\/v2\/comments?post=441"}],"version-history":[{"count":3,"href":"https:\/\/aquamundo.fr\/index.php\/wp-json\/wp\/v2\/pages\/441\/revisions"}],"predecessor-version":[{"id":453,"href":"https:\/\/aquamundo.fr\/index.php\/wp-json\/wp\/v2\/pages\/441\/revisions\/453"}],"wp:attachment":[{"href":"https:\/\/aquamundo.fr\/index.php\/wp-json\/wp\/v2\/media?parent=441"}],"curies":[{"name":"wp","href":"https:\/\/api.w.org\/{rel}","templated":true}]}}