{"id":451,"date":"2025-02-26T11:03:30","date_gmt":"2025-02-26T10:03:30","guid":{"rendered":"https:\/\/aquamundo.fr\/?page_id=451"},"modified":"2025-02-26T15:39:52","modified_gmt":"2025-02-26T14:39:52","slug":"nos-amis","status":"publish","type":"page","link":"https:\/\/aquamundo.fr\/index.php\/nos-amis\/","title":{"rendered":"Nos amis"},"content":{"rendered":"\n<p>Liens vers les sites de nos f\u00e9d\u00e9rations et amis&#8230;<\/p>\n\n\n\n<p>FFESSM<br><a href=\"https:\/\/apnee.ffessm.fr\">https:\/\/apnee.ffessm.fr<\/a><\/p>\n\n\n\n<p>FFESSM &#8211; Ile de France<br><a href=\"https:\/\/ffessm-idf.fr\/les-commissions\/apnee\/\">https:\/\/ffessm-idf.fr\/les-commissions\/apnee\/<\/a><\/p>\n\n\n\n<p>AIDA France<br><a href=\"https:\/\/aidafrance.fr\/\">https:\/\/aidafrance.fr\/<\/a><\/p>\n\n\n\n<p>Apn\u00e9e Solid&rsquo;Air<br><a href=\"https:\/\/apneesolidair.org\/\">https:\/\/apneesolidair.org\/<\/a><\/p>\n\n\n\n<p>Hippomnesis &#8211; <em>relations entre l&rsquo;entrainement en apn\u00e9e et la plasticit\u00e9 c\u00e9r\u00e9brale <\/em><br><a href=\"https:\/\/hippomnesis.dev\/\">https:\/\/hippomnesis.dev\/<\/a><\/p>\n\n\n\n<p>Centre Aquatique de Saint Cyr L&rsquo;Ecole<br><a href=\"https:\/\/www.centre-aquatique-st-cyr.com\/\">https:\/\/www.centre-aquatique-st-cyr.com\/<\/a><\/p>\n\n\n\n<p>Ville de Saint Cyr L&rsquo;Ecole<br><a href=\"https:\/\/www.saintcyr78.fr\/\">https:\/\/www.saintcyr78.fr\/<\/a><\/p>\n\n\n\n<p><\/p>\n","protected":false},"excerpt":{"rendered":"<p>Liens vers les sites de nos f\u00e9d\u00e9rations et amis&#8230; FFESSMhttps:\/\/apnee.ffessm.fr FFESSM &#8211; Ile de Francehttps:\/\/ffessm-idf.fr\/les-commissions\/apnee\/ AIDA Francehttps:\/\/aidafrance.fr\/ Apn\u00e9e Solid&rsquo;Airhttps:\/\/apneesolidair.org\/ Hippomnesis &#8211; relations entre l&rsquo;entrainement en apn\u00e9e et la plasticit\u00e9 c\u00e9r\u00e9brale https:\/\/hippomnesis.dev\/ Centre Aquatique de Saint Cyr L&rsquo;Ecolehttps:\/\/www.centre-aquatique-st-cyr.com\/ Ville de Saint Cyr L&rsquo;Ecolehttps:\/\/www.saintcyr78.fr\/<\/p>\n","protected":false},"author":1,"featured_media":0,"parent":0,"menu_order":0,"comment_status":"closed","ping_status":"closed","template":"","meta":{"neve_meta_sidebar":"","neve_meta_container":"","neve_meta_enable_content_width":"","neve_meta_content_width":0,"neve_meta_title_alignment":"","neve_meta_author_avatar":"","neve_post_elements_order":"","neve_meta_disable_header":"","neve_meta_disable_footer":"","neve_meta_disable_title":"","_themeisle_gutenberg_block_has_review":false,"footnotes":""},"class_list":["post-451","page","type-page","status-publish","hentry"],"_links":{"self":[{"href":"https:\/\/aquamundo.fr\/index.php\/wp-json\/wp\/v2\/pages\/451","targetHints":{"allow":["GET"]}}],"collection":[{"href":"https:\/\/aquamundo.fr\/index.php\/wp-json\/wp\/v2\/pages"}],"about":[{"href":"https:\/\/aquamundo.fr\/index.php\/wp-json\/wp\/v2\/types\/page"}],"author":[{"embeddable":true,"href":"https:\/\/aquamundo.fr\/index.php\/wp-json\/wp\/v2\/users\/1"}],"replies":[{"embeddable":true,"href":"https:\/\/aquamundo.fr\/index.php\/wp-json\/wp\/v2\/comments?post=451"}],"version-history":[{"count":3,"href":"https:\/\/aquamundo.fr\/index.php\/wp-json\/wp\/v2\/pages\/451\/revisions"}],"predecessor-version":[{"id":515,"href":"https:\/\/aquamundo.fr\/index.php\/wp-json\/wp\/v2\/pages\/451\/revisions\/515"}],"wp:attachment":[{"href":"https:\/\/aquamundo.fr\/index.php\/wp-json\/wp\/v2\/media?parent=451"}],"curies":[{"name":"wp","href":"https:\/\/api.w.org\/{rel}","templated":true}]}}